{"id":134,"date":"2025-07-01T10:33:57","date_gmt":"2025-07-01T10:33:57","guid":{"rendered":"https:\/\/www.idfascenseurs.com\/?page_id=134"},"modified":"2025-12-10T17:13:09","modified_gmt":"2025-12-10T17:13:09","slug":"demande-de-devis","status":"publish","type":"page","link":"https:\/\/www.idfascenseurs.com\/index.php\/demande-de-devis\/","title":{"rendered":"Demande de devis"},"content":{"rendered":"\t\t<div data-elementor-type=\"wp-page\" data-elementor-id=\"134\" class=\"elementor elementor-134\" data-elementor-post-type=\"page\">\n\t\t\t\t<div class=\"elementor-element elementor-element-2e178df2 e-con-full e-flex e-con e-parent\" data-id=\"2e178df2\" data-element_type=\"container\" data-e-type=\"container\">\n\t\t<div class=\"elementor-element elementor-element-5742c797 e-con-full e-flex e-con e-child\" data-id=\"5742c797\" data-element_type=\"container\" data-e-type=\"container\" data-settings=\"{&quot;background_background&quot;:&quot;classic&quot;}\">\n\t\t\t\t<\/div>\n\t\t<div class=\"elementor-element elementor-element-1b51978 e-con-full e-flex e-con e-child\" data-id=\"1b51978\" data-element_type=\"container\" data-e-type=\"container\">\n\t\t\t\t<div class=\"elementor-element elementor-element-6b879c67 elementor-invisible elementor-widget elementor-widget-elementskit-heading\" data-id=\"6b879c67\" data-element_type=\"widget\" data-e-type=\"widget\" data-settings=\"{&quot;_animation&quot;:&quot;fadeIn&quot;,&quot;_animation_delay&quot;:25}\" data-widget_type=\"elementskit-heading.default\">\n\t\t\t\t<div class=\"elementor-widget-container\">\n\t\t\t\t\t<div class=\"ekit-wid-con\" ><div class=\"ekit-heading elementskit-section-title-wraper text_left   ekit_heading_tablet-   ekit_heading_mobile-\"><h1 class=\"ekit-heading--title elementskit-section-title \">Contactez-nous, <br>et obtenez votre devis<\/h1><\/div><\/div>\t\t\t\t<\/div>\n\t\t\t\t<\/div>\n\t\t\t\t<div class=\"elementor-element elementor-element-d285a19 elementor-widget elementor-widget-formidable\" data-id=\"d285a19\" data-element_type=\"widget\" data-e-type=\"widget\" data-widget_type=\"formidable.default\">\n\t\t\t\t<div class=\"elementor-widget-container\">\n\t\t\t\t\t<div class=\"frm_forms  with_frm_style frm_style_style-formidable\" id=\"frm_form_3_container\" data-token=\"4b401f29c56558a4989a286084ed02b9\">\n<form enctype=\"multipart\/form-data\" method=\"post\" class=\"frm-show-form \" id=\"form_demande-devis\" data-token=\"4b401f29c56558a4989a286084ed02b9\">\n<div class=\"frm_form_fields \">\n<fieldset>\n<legend class=\"frm_screen_reader\">Formulaire de demande de devis \/ <\/legend>\r\n\r\n<div class=\"frm_fields_container\">\n<input type=\"hidden\" name=\"frm_action\" value=\"create\" \/>\n<input type=\"hidden\" name=\"form_id\" value=\"3\" \/>\n<input type=\"hidden\" name=\"frm_hide_fields_3\" id=\"frm_hide_fields_3\" value=\"\" \/>\n<input type=\"hidden\" name=\"form_key\" value=\"demande-devis\" \/>\n<input type=\"hidden\" name=\"item_meta[0]\" value=\"\" \/>\n<input type=\"hidden\" id=\"frm_submit_entry_3\" name=\"frm_submit_entry_3\" value=\"a8896487c2\" \/><input type=\"hidden\" name=\"_wp_http_referer\" value=\"\/index.php\/wp-json\/wp\/v2\/pages\/134\" \/><div id=\"frm_field_14_container\" class=\"frm_form_field form-field  frm_required_field frm_top_container frm6 frm_first\">\r\n\t<label for=\"field_83w3p2\" id=\"field_83w3p2_label\" class=\"frm_primary_label\">Pr\u00e9nom\r\n\t\t<span class=\"frm_required\" aria-hidden=\"true\">*<\/span>\r\n\t<\/label>\r\n\t<input type=\"text\" id=\"field_83w3p2\" name=\"item_meta[14]\" value=\"...\"  data-frmval=\"...\" placeholder=\"...\" data-reqmsg=\"Pr\u00e9nom ne peut pas \u00eatre vide.\" aria-required=\"true\" data-invmsg=\"Pr\u00e9nom est non valide\" aria-invalid=\"false\"  \/>\r\n\t\r\n\t\r\n<\/div>\n<div id=\"frm_field_15_container\" class=\"frm_form_field form-field  frm_required_field frm_top_container frm6\">\r\n\t<label for=\"field_wi4ac2\" id=\"field_wi4ac2_label\" class=\"frm_primary_label\">Nom\r\n\t\t<span class=\"frm_required\" aria-hidden=\"true\">*<\/span>\r\n\t<\/label>\r\n\t<input type=\"text\" id=\"field_wi4ac2\" name=\"item_meta[15]\" value=\"\"  placeholder=\"...\" data-reqmsg=\"Nom ne peut pas \u00eatre vide.\" aria-required=\"true\" data-invmsg=\"Nom est non valide\" aria-invalid=\"false\"  \/>\r\n\t\r\n\t\r\n<\/div>\n<div id=\"frm_field_16_container\" class=\"frm_form_field form-field  frm_required_field frm_top_container frm6 frm_first\">\r\n\t<label for=\"field_ndl9y2\" id=\"field_ndl9y2_label\" class=\"frm_primary_label\">T\u00e9l\u00e9phone\r\n\t\t<span class=\"frm_required\" aria-hidden=\"true\">*<\/span>\r\n\t<\/label>\r\n\t<input type=\"tel\" id=\"field_ndl9y2\" name=\"item_meta[16]\" value=\"\"  placeholder=\"...\" data-reqmsg=\"T\u00e9l\u00e9phone ne peut pas \u00eatre vide.\" aria-required=\"true\" data-invmsg=\"T\u00e9l\u00e9phone est non valide\" aria-invalid=\"false\" pattern=\"((\\+\\d{1,3}(-|.| )?\\(?\\d\\)?(-| |.)?\\d{1,5})|(\\(?\\d{2,6}\\)?))(-|.| )?(\\d{3,4})(-|.| )?(\\d{4})(( x| ext)\\d{1,5}){0,1}$\"  \/>\r\n\t\r\n\t\r\n<\/div>\n<div id=\"frm_field_17_container\" class=\"frm_form_field form-field  frm_required_field frm_top_container frm6 frm6\">\r\n    <label for=\"field_29yf4d\" class=\"frm_primary_label\">Email\r\n        <span class=\"frm_required\">*<\/span>\r\n    <\/label>\r\n    <input type=\"email\" id=\"field_29yf4d\" name=\"item_meta[17]\" value=\"\"  placeholder=\"...\" data-reqmsg=\"Email cannot be blank.\" aria-required=\"true\" data-invmsg=\"Please enter a valid email address\" aria-invalid=\"false\"  \/>\r\n    \r\n    \r\n<\/div>\n<div id=\"frm_field_18_container\" class=\"frm_form_field form-field  frm_top_container frm6 frm_first\">\r\n\t<label for=\"field_mx7u72\" id=\"field_mx7u72_label\" class=\"frm_primary_label\">Comment pouvons-nous vous aider ?\r\n\t\t<span class=\"frm_required\" aria-hidden=\"true\"><\/span>\r\n\t<\/label>\r\n\t\t\t<select name=\"item_meta[18]\" id=\"field_mx7u72\"  data-frmval=\"Option 1\" data-invmsg=\"Comment pouvons-nous vous aider ? est non valide\" aria-invalid=\"false\"  >\n\t\t<option  value=\"Maintenance d&#039;ascenseurs\">Maintenance d&#039;ascenseurs<\/option><option  value=\"Modernisation d&#039;ascenseurs\">Modernisation d&#039;ascenseurs<\/option><option  value=\"Cr\u00e9ation d&#039;ascenseurs\">Cr\u00e9ation d&#039;ascenseurs<\/option><option  value=\"Monte-charges \/ monte-voitures\">Monte-charges \/ monte-voitures<\/option><option  value=\"Portes \/ portails automatiques\">Portes \/ portails automatiques<\/option><option  value=\"Autres\">Autres<\/option>\t<\/select>\n\t\r\n\t\r\n\t\r\n<\/div>\n<div id=\"frm_field_24_container\" class=\"frm_form_field form-field  frm_top_container frm6\">\r\n\t<label for=\"field_b2s1p\" id=\"field_b2s1p_label\" class=\"frm_primary_label\">\u00c0 quel titre nous contactez-vous ?\r\n\t\t<span class=\"frm_required\" aria-hidden=\"true\"><\/span>\r\n\t<\/label>\r\n\t\t\t<select name=\"item_meta[24]\" id=\"field_b2s1p\"  data-frmval=\"Option 1\" data-invmsg=\"\u00c0 quel titre nous contactez-vous ? est non valide\" aria-invalid=\"false\"  >\n\t\t<option  value=\"Particulier\">Particulier<\/option><option  value=\"Soci\u00e9t\u00e9\">Soci\u00e9t\u00e9<\/option><option  value=\"Autres\">Autres<\/option>\t<\/select>\n\t\r\n\t\r\n\t\r\n<\/div>\n<div id=\"frm_field_19_container\" class=\"frm_form_field form-field  frm_required_field frm_top_container frm_full\">\r\n    <label for=\"field_9jv0r1\" class=\"frm_primary_label\">Message\r\n        <span class=\"frm_required\">*<\/span>\r\n    <\/label>\r\n    <textarea name=\"item_meta[19]\" id=\"field_9jv0r1\" rows=\"5\"  placeholder=\"...\" data-reqmsg=\"Message cannot be blank.\" aria-required=\"true\" data-invmsg=\"Message est non valide\" aria-invalid=\"false\"  ><\/textarea>\r\n    \r\n    \r\n<\/div>\n<div id=\"frm_field_20_container\" class=\"frm_form_field form-field  frm12 frm_first\">\r\n\t<div class=\"frm_submit\">\r\n\r\n<button class=\"frm_button_submit\" type=\"submit\" >Envoyer votre message<\/button>\r\n\r\n<\/div>\r\n<\/div>\n<div id=\"frm_field_21_container\" class=\"frm_form_field form-field  frm_none_container\">\r\n\t<label for=\"g-recaptcha-response\" id=\"field_74690a2_label\" class=\"frm_primary_label\">Captcha\r\n\t\t<span class=\"frm_required\" aria-hidden=\"true\"><\/span>\r\n\t<\/label>\r\n\t<div  id=\"field_74690a2\" class=\"frm-g-recaptcha\" data-sitekey=\"6LcvGSUsAAAAAB7tp_0vUOhQiPvh-DWyZ4aUtA7m\" data-size=\"normal\" data-theme=\"light\"><\/div>\r\n\t\r\n\t\r\n<\/div>\n\t<input type=\"hidden\" name=\"item_key\" value=\"\" \/>\n\t\t\t<div id=\"frm_field_25_container\">\n\t\t\t<label for=\"field_9el60\" >\n\t\t\t\tSi vous \u00eates un humain, ne remplissez pas ce champ.\t\t\t<\/label>\n\t\t\t<input  id=\"field_9el60\" type=\"text\" class=\"frm_form_field form-field frm_verify\" name=\"item_meta[25]\" value=\"\"  \/>\n\t\t<\/div>\n\t\t<input name=\"frm_state\" type=\"hidden\" value=\"v35\/oLVne75MM6yHenQr6qrTgwoo3xBN87nyVUcGNNY=\" \/><\/div>\n<\/fieldset>\n<\/div>\n\n<\/form>\n<\/div>\n\t\t\t\t<\/div>\n\t\t\t\t<\/div>\n\t\t\t\t<div class=\"elementor-element elementor-element-08671a0 elementor-widget elementor-widget-text-editor\" data-id=\"08671a0\" data-element_type=\"widget\" data-e-type=\"widget\" data-widget_type=\"text-editor.default\">\n\t\t\t\t<div class=\"elementor-widget-container\">\n\t\t\t\t\t\t\t\t\t<p class=\"MuiTypography-root MuiTypography-body-xs DS-Typography mui-latin-plwuoi\">* Tous les champs marqu\u00e9s d&rsquo;une \u00e9toile sont obligatoires<\/p><div class=\"MuiTypography-root MuiTypography-body-xs DS-Typography mui-latin-178vk1c\"><p>En cliquant sur \u00abenvoyer\u00bb, vous confirmez avoir lu la d\u00e9claration de confidentialit\u00e9 et consentez au traitement de vos donn\u00e9es personnelles par <strong>IDF Ascenseurs<\/strong> aux fins d\u00e9crites dans cette <strong><a href=\"https:\/\/www.idfascenseurs.com\/index.php\/politique-de-confidentialite\/\">D\u00e9claration de Confidentialit\u00e9<\/a><\/strong>\u00a0pour r\u00e9pondre \u00e0 votre demande. Conform\u00e9ment aux lois et r\u00e9glementations en vigueur, vous avez le droit d&rsquo;acc\u00e9der, de corriger et de supprimer toutes les donn\u00e9es qui peuvent vous concerner. Vous pouvez \u00e9galement nous demander de ne pas vous envoyer de communications personnalis\u00e9es sur nos produits et services. Ce droit peut \u00eatre exerc\u00e9 \u00e0 tout moment, en nous envoyant un avis \u00e0 notre section Contact dans notre\u00a0<a href=\"https:\/\/www.idfascenseurs.com\/index.php\/politique-de-confidentialite\/\"><strong>D\u00e9claration de Confidentialit\u00e9<\/strong><\/a>.<\/p><\/div>\t\t\t\t\t\t\t\t<\/div>\n\t\t\t\t<\/div>\n\t\t\t\t<\/div>\n\t\t\t\t<\/div>\n\t\t<div class=\"elementor-element elementor-element-4697100c e-flex e-con-boxed e-con e-parent\" data-id=\"4697100c\" data-element_type=\"container\" data-e-type=\"container\" id=\"xs_cta_business\">\n\t\t\t\t\t<div class=\"e-con-inner\">\n\t\t<div class=\"elementor-element elementor-element-56914a71 e-flex e-con-boxed e-con e-child\" data-id=\"56914a71\" data-element_type=\"container\" data-e-type=\"container\">\n\t\t\t\t\t<div class=\"e-con-inner\">\n\t\t\t\t<div class=\"elementor-element elementor-element-29c8d47f elementor-widget elementor-widget-elementskit-heading\" data-id=\"29c8d47f\" data-element_type=\"widget\" data-e-type=\"widget\" data-widget_type=\"elementskit-heading.default\">\n\t\t\t\t<div class=\"elementor-widget-container\">\n\t\t\t\t\t<div class=\"ekit-wid-con\" ><div class=\"ekit-heading elementskit-section-title-wraper text_center   ekit_heading_tablet-   ekit_heading_mobile-\"><h2 class=\"ekit-heading--title elementskit-section-title \">Int\u00e9ress\u00e9 par nos services ?<\/h2><\/div><\/div>\t\t\t\t<\/div>\n\t\t\t\t<\/div>\n\t\t\t\t<div class=\"elementor-element elementor-element-ad8a7f5 elementor-widget__width-initial elementor-widget elementor-widget-elementskit-dual-button\" data-id=\"ad8a7f5\" data-element_type=\"widget\" data-e-type=\"widget\" data-widget_type=\"elementskit-dual-button.default\">\n\t\t\t\t<div class=\"elementor-widget-container\">\n\t\t\t\t\t<div class=\"ekit-wid-con\" >\n                <div class=\"ekit-element-align-wrapper\">\n                    <div class=\"ekit_double_button\">                <a class=\"ekit-double-btn ekit-double-btn-one\" href=\"mailto:contact@idfascenseurs.com?subject=IDF%20Ascenseurs%20|%20Nous%20sommes%20\u00e0%20votre%20\u00e9coute\">\n                    Pour nous contacter                <\/a>\n            <span class='ekit_button_middle_text'>Ou<\/span>\n            <a class=\"ekit-double-btn ekit-double-btn-two\" href=\"tel:0147417014\">\n                    Afficher le num\u00e9ro                <\/a>\n                  <\/div>\n                <\/div>\n            <\/div>\t\t\t\t<\/div>\n\t\t\t\t<\/div>\n\t\t\t\t\t<\/div>\n\t\t\t\t<\/div>\n\t\t\t\t\t<\/div>\n\t\t\t\t<\/div>\n\t\t<div class=\"elementor-element elementor-element-57d0726b e-flex e-con-boxed e-con e-parent\" data-id=\"57d0726b\" data-element_type=\"container\" data-e-type=\"container\">\n\t\t\t\t\t<div class=\"e-con-inner\">\n\t\t<div class=\"elementor-element elementor-element-7e9c9975 e-flex e-con-boxed e-con e-child\" data-id=\"7e9c9975\" data-element_type=\"container\" data-e-type=\"container\" data-settings=\"{&quot;background_background&quot;:&quot;classic&quot;}\">\n\t\t\t\t\t<div class=\"e-con-inner\">\n\t\t<div class=\"elementor-element elementor-element-362eef26 e-con-full e-flex e-con e-child\" data-id=\"362eef26\" data-element_type=\"container\" data-e-type=\"container\" data-settings=\"{&quot;animation&quot;:&quot;none&quot;}\">\n\t\t<div class=\"elementor-element elementor-element-5fd1402b e-con-full animated-fast e-flex elementor-invisible e-con e-child\" data-id=\"5fd1402b\" data-element_type=\"container\" data-e-type=\"container\" data-settings=\"{&quot;animation&quot;:&quot;fadeIn&quot;,&quot;animation_delay&quot;:25}\">\n\t\t\t\t<div class=\"elementor-element elementor-element-5f12872e elementor-view-default elementor-widget elementor-widget-icon\" data-id=\"5f12872e\" data-element_type=\"widget\" data-e-type=\"widget\" data-widget_type=\"icon.default\">\n\t\t\t\t<div class=\"elementor-widget-container\">\n\t\t\t\t\t\t\t<div class=\"elementor-icon-wrapper\">\n\t\t\t<div class=\"elementor-icon\">\n\t\t\t<i aria-hidden=\"true\" class=\"icon icon-home2\"><\/i>\t\t\t<\/div>\n\t\t<\/div>\n\t\t\t\t\t\t<\/div>\n\t\t\t\t<\/div>\n\t\t\t\t<div class=\"elementor-element elementor-element-b09f85b elementor-widget__width-inherit elementor-widget elementor-widget-heading\" data-id=\"b09f85b\" data-element_type=\"widget\" data-e-type=\"widget\" data-widget_type=\"heading.default\">\n\t\t\t\t<div class=\"elementor-widget-container\">\n\t\t\t\t\t<h2 class=\"elementor-heading-title elementor-size-default\">D\u00e9couvrir et utiliser<br>les services de IDF Ascenseurs<\/h2>\t\t\t\t<\/div>\n\t\t\t\t<\/div>\n\t\t\t\t<div class=\"elementor-element elementor-element-3f5fc5f2 elementor-widget elementor-widget-text-editor\" data-id=\"3f5fc5f2\" data-element_type=\"widget\" data-e-type=\"widget\" data-widget_type=\"text-editor.default\">\n\t\t\t\t<div class=\"elementor-widget-container\">\n\t\t\t\t\t\t\t\t\t<p class=\"p1\">Acc\u00e9dez \u00e0 nos services d\u00e8s maintenant<br \/>par les moyens suivants :<\/p>\t\t\t\t\t\t\t\t<\/div>\n\t\t\t\t<\/div>\n\t\t\t\t<\/div>\n\t\t\t\t<\/div>\n\t\t<div class=\"elementor-element elementor-element-6902b635 e-con-full e-flex e-con e-child\" data-id=\"6902b635\" data-element_type=\"container\" data-e-type=\"container\" data-settings=\"{&quot;animation&quot;:&quot;none&quot;}\">\n\t\t<div class=\"elementor-element elementor-element-4402531 e-con-full animated-fast e-flex elementor-invisible e-con e-child\" data-id=\"4402531\" data-element_type=\"container\" data-e-type=\"container\" data-settings=\"{&quot;animation&quot;:&quot;fadeIn&quot;,&quot;animation_delay&quot;:25}\">\n\t\t\t\t<div class=\"elementor-element elementor-element-2d656d50 elementor-widget__width-inherit elementor-widget elementor-widget-heading\" data-id=\"2d656d50\" data-element_type=\"widget\" data-e-type=\"widget\" data-widget_type=\"heading.default\">\n\t\t\t\t<div class=\"elementor-widget-container\">\n\t\t\t\t\t<h4 class=\"elementor-heading-title elementor-size-default\">Appeler un expert<\/h4>\t\t\t\t<\/div>\n\t\t\t\t<\/div>\n\t\t\t\t<div class=\"elementor-element elementor-element-3d564270 animated-fast elementor-align-justify elementor-tablet-align-left elementor-invisible elementor-widget elementor-widget-button\" data-id=\"3d564270\" data-element_type=\"widget\" data-e-type=\"widget\" data-settings=\"{&quot;_animation&quot;:&quot;fadeInUp&quot;}\" data-widget_type=\"button.default\">\n\t\t\t\t<div class=\"elementor-widget-container\">\n\t\t\t\t\t\t\t\t\t<div class=\"elementor-button-wrapper\">\n\t\t\t\t\t<a class=\"elementor-button elementor-button-link elementor-size-sm\" href=\"tel:0147417014\">\n\t\t\t\t\t\t<span class=\"elementor-button-content-wrapper\">\n\t\t\t\t\t\t<span class=\"elementor-button-icon\">\n\t\t\t\t<i aria-hidden=\"true\" class=\"icon icon-arrow-right-circle\"><\/i>\t\t\t<\/span>\n\t\t\t\t\t\t\t\t\t<span class=\"elementor-button-text\">01 47 41 70 14<\/span>\n\t\t\t\t\t<\/span>\n\t\t\t\t\t<\/a>\n\t\t\t\t<\/div>\n\t\t\t\t\t\t\t\t<\/div>\n\t\t\t\t<\/div>\n\t\t\t\t<div class=\"elementor-element elementor-element-3d9b9709 elementor-widget elementor-widget-text-editor\" data-id=\"3d9b9709\" data-element_type=\"widget\" data-e-type=\"widget\" data-widget_type=\"text-editor.default\">\n\t\t\t\t<div class=\"elementor-widget-container\">\n\t\t\t\t\t\t\t\t\tUn conseiller technique vous r\u00e9pond du lundi au vendredi, de 9h \u00e0 18h. Pour toute question urgente, estimation rapide ou \u00e9change humain, nos \u00e9quipes sont \u00e0 votre disposition sans attente inutile.\t\t\t\t\t\t\t\t<\/div>\n\t\t\t\t<\/div>\n\t\t\t\t<\/div>\n\t\t<div class=\"elementor-element elementor-element-57a34905 e-con-full animated-fast e-flex elementor-invisible e-con e-child\" data-id=\"57a34905\" data-element_type=\"container\" data-e-type=\"container\" data-settings=\"{&quot;animation&quot;:&quot;fadeIn&quot;,&quot;animation_delay&quot;:25}\">\n\t\t\t\t<div class=\"elementor-element elementor-element-21f47dd8 elementor-widget__width-inherit elementor-widget elementor-widget-heading\" data-id=\"21f47dd8\" data-element_type=\"widget\" data-e-type=\"widget\" data-widget_type=\"heading.default\">\n\t\t\t\t<div class=\"elementor-widget-container\">\n\t\t\t\t\t<h4 class=\"elementor-heading-title elementor-size-default\">\u00c9crire un e-mail rapide<\/h4>\t\t\t\t<\/div>\n\t\t\t\t<\/div>\n\t\t\t\t<div class=\"elementor-element elementor-element-462a4129 animated-fast elementor-align-justify elementor-tablet-align-left elementor-invisible elementor-widget elementor-widget-button\" data-id=\"462a4129\" data-element_type=\"widget\" data-e-type=\"widget\" data-settings=\"{&quot;_animation&quot;:&quot;fadeInUp&quot;}\" data-widget_type=\"button.default\">\n\t\t\t\t<div class=\"elementor-widget-container\">\n\t\t\t\t\t\t\t\t\t<div class=\"elementor-button-wrapper\">\n\t\t\t\t\t<a class=\"elementor-button elementor-button-link elementor-size-sm\" href=\"mailto:contact@idfascenseurs.com?subject=IDF%20Ascenseurs%20|%20Nous%20sommes%20\u00e0%20votre%20\u00e9coute\">\n\t\t\t\t\t\t<span class=\"elementor-button-content-wrapper\">\n\t\t\t\t\t\t<span class=\"elementor-button-icon\">\n\t\t\t\t<i aria-hidden=\"true\" class=\"icon icon-arrow-right-circle\"><\/i>\t\t\t<\/span>\n\t\t\t\t\t\t\t\t\t<span class=\"elementor-button-text\">contact<\/span>\n\t\t\t\t\t<\/span>\n\t\t\t\t\t<\/a>\n\t\t\t\t<\/div>\n\t\t\t\t\t\t\t\t<\/div>\n\t\t\t\t<\/div>\n\t\t\t\t<div class=\"elementor-element elementor-element-66b07397 elementor-widget elementor-widget-text-editor\" data-id=\"66b07397\" data-element_type=\"widget\" data-e-type=\"widget\" data-widget_type=\"text-editor.default\">\n\t\t\t\t<div class=\"elementor-widget-container\">\n\t\t\t\t\t\t\t\t\tVous avez une question pr\u00e9cise, un fichier \u00e0 joindre ou besoin d\u2019un suivi \u00e9crit ? Envoyez-nous un mail : r\u00e9ponse rapide, claire et suivie. Nos experts g\u00e8rent votre dossier avec rigueur et s\u00e9rieux.\t\t\t\t\t\t\t\t<\/div>\n\t\t\t\t<\/div>\n\t\t\t\t<\/div>\n\t\t<div class=\"elementor-element elementor-element-7130e051 e-con-full animated-fast e-flex elementor-invisible e-con e-child\" data-id=\"7130e051\" data-element_type=\"container\" data-e-type=\"container\" data-settings=\"{&quot;animation&quot;:&quot;fadeIn&quot;,&quot;animation_delay&quot;:25}\">\n\t\t\t\t<div class=\"elementor-element elementor-element-5becce50 elementor-widget__width-inherit elementor-widget elementor-widget-heading\" data-id=\"5becce50\" data-element_type=\"widget\" data-e-type=\"widget\" data-widget_type=\"heading.default\">\n\t\t\t\t<div class=\"elementor-widget-container\">\n\t\t\t\t\t<h4 class=\"elementor-heading-title elementor-size-default\">Planifier un rendez-vous<\/h4>\t\t\t\t<\/div>\n\t\t\t\t<\/div>\n\t\t\t\t<div class=\"elementor-element elementor-element-29355bf5 animated-fast elementor-align-justify elementor-tablet-align-left elementor-invisible elementor-widget elementor-widget-button\" data-id=\"29355bf5\" data-element_type=\"widget\" data-e-type=\"widget\" data-settings=\"{&quot;_animation&quot;:&quot;fadeInUp&quot;}\" data-widget_type=\"button.default\">\n\t\t\t\t<div class=\"elementor-widget-container\">\n\t\t\t\t\t\t\t\t\t<div class=\"elementor-button-wrapper\">\n\t\t\t\t\t<a class=\"elementor-button elementor-button-link elementor-size-sm\" href=\"https:\/\/www.google.com\/maps\/place\/19+Bd+Louise+Michel,+92230+Gennevilliers\/@48.9220319,2.3159858,17z\/data=!3m1!4b1!4m6!3m5!1s0x47e66f237c266b9f:0x1b8510142748e156!8m2!3d48.9220319!4d2.3185607!16s%2Fg%2F11pwvx5k2g?entry=ttu&#038;g_ep=EgoyMDI1MDgxOS4wIKXMDSoASAFQAw%3D%3D\">\n\t\t\t\t\t\t<span class=\"elementor-button-content-wrapper\">\n\t\t\t\t\t\t<span class=\"elementor-button-icon\">\n\t\t\t\t<i aria-hidden=\"true\" class=\"icon icon-arrow-right-circle\"><\/i>\t\t\t<\/span>\n\t\t\t\t\t\t\t\t\t<span class=\"elementor-button-text\">Google map<\/span>\n\t\t\t\t\t<\/span>\n\t\t\t\t\t<\/a>\n\t\t\t\t<\/div>\n\t\t\t\t\t\t\t\t<\/div>\n\t\t\t\t<\/div>\n\t\t\t\t<div class=\"elementor-element elementor-element-71d2ce4 elementor-widget elementor-widget-text-editor\" data-id=\"71d2ce4\" data-element_type=\"widget\" data-e-type=\"widget\" data-widget_type=\"text-editor.default\">\n\t\t\t\t<div class=\"elementor-widget-container\">\n\t\t\t\t\t\t\t\t\t<p class=\"p1\">Un projet complexe ? Une rencontre permet de tout pr\u00e9ciser. Nos chefs de projet vous accueillent sur place, \u00e0 Paris, ou se d\u00e9placent selon vos disponibilit\u00e9s. Service r\u00e9serv\u00e9 sur demande directe.<\/p>\t\t\t\t\t\t\t\t<\/div>\n\t\t\t\t<\/div>\n\t\t\t\t<\/div>\n\t\t\t\t<\/div>\n\t\t\t\t\t<\/div>\n\t\t\t\t<\/div>\n\t\t\t\t\t<\/div>\n\t\t\t\t<\/div>\n\t\t\t\t<\/div>\n\t\t\n    <div class=\"xs_social_share_widget xs_share_url after_content \t\tmain_content  wslu-style-1 wslu-share-box-shaped wslu-fill-colored wslu-none wslu-share-horizontal wslu-theme-font-no wslu-main_content\">\n\n\t\t\n        <ul>\n\t\t\t        <\/ul>\n    <\/div> \n","protected":false},"excerpt":{"rendered":"<p>Contactez-nous, et obtenez votre devis Formulaire de demande de devis \/ Pr\u00e9nom * Nom * T\u00e9l\u00e9phone * Email * Comment pouvons-nous vous aider ? Maintenance d&#039;ascenseursModernisation d&#039;ascenseursCr\u00e9ation d&#039;ascenseursMonte-charges \/ monte-voituresPortes \/ portails automatiquesAutres \u00c0 quel titre nous contactez-vous ? ParticulierSoci\u00e9t\u00e9Autres Message * Envoyer votre message Captcha Si vous \u00eates un humain, ne remplissez pas ce [&hellip;]<\/p>\n","protected":false},"author":3,"featured_media":0,"parent":0,"menu_order":0,"comment_status":"closed","ping_status":"closed","template":"","meta":{"_seopress_robots_primary_cat":"","_seopress_titles_title":"Demande de devis, \u00cele-de-France - IDF Ascenseurs","_seopress_titles_desc":"Obtenez rapidement un devis gratuit pour la maintenance, l\u2019installation ou la modernisation de vos ascenseurs avec IDF Ascenseurs en \u00cele-de-France.","_seopress_robots_index":"","footnotes":""},"class_list":["post-134","page","type-page","status-publish"],"_links":{"self":[{"href":"https:\/\/www.idfascenseurs.com\/index.php\/wp-json\/wp\/v2\/pages\/134","targetHints":{"allow":["GET"]}}],"collection":[{"href":"https:\/\/www.idfascenseurs.com\/index.php\/wp-json\/wp\/v2\/pages"}],"about":[{"href":"https:\/\/www.idfascenseurs.com\/index.php\/wp-json\/wp\/v2\/types\/page"}],"author":[{"embeddable":true,"href":"https:\/\/www.idfascenseurs.com\/index.php\/wp-json\/wp\/v2\/users\/3"}],"replies":[{"embeddable":true,"href":"https:\/\/www.idfascenseurs.com\/index.php\/wp-json\/wp\/v2\/comments?post=134"}],"version-history":[{"count":80,"href":"https:\/\/www.idfascenseurs.com\/index.php\/wp-json\/wp\/v2\/pages\/134\/revisions"}],"predecessor-version":[{"id":4405,"href":"https:\/\/www.idfascenseurs.com\/index.php\/wp-json\/wp\/v2\/pages\/134\/revisions\/4405"}],"wp:attachment":[{"href":"https:\/\/www.idfascenseurs.com\/index.php\/wp-json\/wp\/v2\/media?parent=134"}],"curies":[{"name":"wp","href":"https:\/\/api.w.org\/{rel}","templated":true}]}}