{"id":146,"date":"2025-07-01T10:34:53","date_gmt":"2025-07-01T10:34:53","guid":{"rendered":"https:\/\/www.idfascenseurs.com\/?page_id=146"},"modified":"2025-12-03T10:59:19","modified_gmt":"2025-12-03T10:59:19","slug":"politique-de-confidentialite","status":"publish","type":"page","link":"https:\/\/www.idfascenseurs.com\/index.php\/politique-de-confidentialite\/","title":{"rendered":"Politique de confidentialit\u00e9"},"content":{"rendered":"\t\t<div data-elementor-type=\"wp-page\" data-elementor-id=\"146\" class=\"elementor elementor-146\" data-elementor-post-type=\"page\">\n\t\t\t\t<div class=\"elementor-element elementor-element-7ca68c e-flex e-con-boxed e-con e-parent\" data-id=\"7ca68c\" data-element_type=\"container\" data-e-type=\"container\">\n\t\t\t\t\t<div class=\"e-con-inner\">\n\t\t\t\t<div class=\"elementor-element elementor-element-4e2e2cb0 elementor-widget elementor-widget-heading\" data-id=\"4e2e2cb0\" data-element_type=\"widget\" data-e-type=\"widget\" data-widget_type=\"heading.default\">\n\t\t\t\t<div class=\"elementor-widget-container\">\n\t\t\t\t\t<h1 class=\"elementor-heading-title elementor-size-default\">Politique de confidentialit\u00e9<\/h1>\t\t\t\t<\/div>\n\t\t\t\t<\/div>\n\t\t\t\t\t<\/div>\n\t\t\t\t<\/div>\n\t\t<div class=\"elementor-element elementor-element-5e42dead e-flex e-con-boxed e-con e-parent\" data-id=\"5e42dead\" data-element_type=\"container\" data-e-type=\"container\">\n\t\t\t\t\t<div class=\"e-con-inner\">\n\t\t<div class=\"elementor-element elementor-element-4296b0ff e-con-full e-flex e-con e-child\" data-id=\"4296b0ff\" data-element_type=\"container\" data-e-type=\"container\">\n\t\t\t\t<div class=\"elementor-element elementor-element-75e89eb9 elementor-toc--content-ellipsis elementor-widget elementor-widget-table-of-contents\" data-id=\"75e89eb9\" data-element_type=\"widget\" data-e-type=\"widget\" data-settings=\"{&quot;exclude_headings_by_selector&quot;:[],&quot;no_headings_message&quot;:&quot;Aucun titre n\\u2019a \\u00e9t\\u00e9 trouv\\u00e9 sur cette page.&quot;,&quot;min_height&quot;:{&quot;unit&quot;:&quot;px&quot;,&quot;size&quot;:0,&quot;sizes&quot;:[]},&quot;headings_by_tags&quot;:[&quot;h2&quot;,&quot;h3&quot;,&quot;h4&quot;,&quot;h5&quot;,&quot;h6&quot;],&quot;marker_view&quot;:&quot;numbers&quot;,&quot;hierarchical_view&quot;:&quot;yes&quot;,&quot;min_height_tablet&quot;:{&quot;unit&quot;:&quot;px&quot;,&quot;size&quot;:&quot;&quot;,&quot;sizes&quot;:[]},&quot;min_height_mobile&quot;:{&quot;unit&quot;:&quot;px&quot;,&quot;size&quot;:&quot;&quot;,&quot;sizes&quot;:[]}}\" data-widget_type=\"table-of-contents.default\">\n\t\t\t\t<div class=\"elementor-widget-container\">\n\t\t\t\t\t\t\t\t\t<div class=\"elementor-toc__header\">\n\t\t\t\t\t\t<h2 class=\"elementor-toc__header-title\">\n\t\t\t\tPolitique de confidentialit\u00e9 | IDF\t\t\t<\/h2>\n\t\t\t\t\t\t\t\t<\/div>\n\t\t\t\t<div id=\"elementor-toc__75e89eb9\" class=\"elementor-toc__body\">\n\t\t\t<div class=\"elementor-toc__spinner-container\">\n\t\t\t\t<svg class=\"elementor-toc__spinner eicon-animation-spin e-font-icon-svg e-eicon-loading\" aria-hidden=\"true\" viewBox=\"0 0 1000 1000\" xmlns=\"http:\/\/www.w3.org\/2000\/svg\"><path d=\"M500 975V858C696 858 858 696 858 500S696 142 500 142 142 304 142 500H25C25 237 238 25 500 25S975 237 975 500 763 975 500 975Z\"><\/path><\/svg>\t\t\t<\/div>\n\t\t<\/div>\n\t\t\t\t\t\t<\/div>\n\t\t\t\t<\/div>\n\t\t\t\t<\/div>\n\t\t<div class=\"elementor-element elementor-element-526bb4f2 e-con-full e-flex e-con e-child\" data-id=\"526bb4f2\" data-element_type=\"container\" data-e-type=\"container\">\n\t\t\t\t<div class=\"elementor-element elementor-element-d216783 elementor-widget elementor-widget-text-editor\" data-id=\"d216783\" data-element_type=\"widget\" data-e-type=\"widget\" data-widget_type=\"text-editor.default\">\n\t\t\t\t<div class=\"elementor-widget-container\">\n\t\t\t\t\t\t\t\t\t<div id=\"content\" class=\"site-content\"><div class=\"wrap\"><div id=\"primary\" class=\"content-area\"><p>IDF Ascenseurs s\u2019engage \u00e0 respecter votre vie priv\u00e9e et \u00e0 prot\u00e9ger les informations que vous nous<br \/>communiquez.<br \/>Le site internet https:\/\/idfascenseurs.com est mis \u00e0 disposition par IDF Ascenseurs pour fournir des<br \/>informations sur le domaine d\u2019expertise de IDF Ascenseurs.<br \/>La pr\u00e9sente politique de protection des donn\u00e9es personnelles a pour objet de d\u00e9crire la mani\u00e8re dont<br \/>IDF Ascenseurs traite les donn\u00e9es \u00e0 caract\u00e8re personnel des utilisateurs.<br \/>La politique s\u2019av\u00e8re applicable \u00e0 la soci\u00e9t\u00e9 IDF Ascenseurs, 19 boulevard Louise Michel<br \/>92230 GENNEVILLIERS.<br \/>Le respect de votre vie priv\u00e9e et de vos donn\u00e9es \u00e0 caract\u00e8re personnel est une priorit\u00e9 pour IDF<br \/>Ascenseurs, qui s\u2019engage \u00e0 traiter vos donn\u00e9es dans le respect de la Loi Informatique et Libert\u00e9s<br \/>n\u00b078-17 du 6 janvier 1978 modifi\u00e9e, du R\u00e8glement (UE) g\u00e9n\u00e9ral sur la protection des donn\u00e9es<br \/>2016\/679 du 27 avril 2016 (ci-apr\u00e8s \u00ab RGPD \u00bb) et des normes et recommandations de la CNIL s\u2019y<br \/>rapportant.<\/p><h5><br \/>ARTICLE 1. IDENTITE ET COORDONNEES DU RESPONSABLE DE TRAITEMENT<\/h5><p>IDF Ascenseurs agit en tant que responsable de traitement pour l\u2019ensemble des donn\u00e9es collect\u00e9es<br \/>par le biais du Site. En savoir plus sur IDF Ascenseurs et ses coordonn\u00e9es :<br \/>https:\/\/idfascenseurs.com.<br \/>Si l\u2019Utilisateur souhaite exercer l\u2019un de ses droits pr\u00e9vus par la R\u00e9glementation Applicable et<br \/>mentionn\u00e9s \u00e0 l\u2019article 6 de la pr\u00e9sente Politique, l\u2019Utilisateur peut contacter IDF Ascenseurs par l\u2019un<br \/>des moyens pr\u00e9vus ci-dessous, en pr\u00e9cisant son identit\u00e9 et l\u2019objet pr\u00e9cis de sa demande (une pi\u00e8ce<br \/>d\u2019identit\u00e9 pourra \u00eatre demand\u00e9e en cas de doute sur l\u2019identit\u00e9 du demandeur).<br \/>Pour toute question relative \u00e0 l\u2019utilisation de vos donn\u00e9es et sur vos droits, vous pouvez joindre IDF<br \/>Ascenseurs par l\u2019un des moyens suivants :<br \/>&#8211; par courriel \u00e0 l\u2019adresse conformite.rgpd@balas.net ;<br \/>&#8211; par courrier postal, \u00e0 l\u2019adresse IDF Ascenseurs, 19 boulevard Louise Michel, 92238<br \/>Gennevilliers Cedex.<\/p><h5><br \/>ARTICLE 2. DONNEES PERSONNELLES COLLECTEES<\/h5><p>IDF Ascenseurs peut \u00eatre amen\u00e9e \u00e0 collecter vos donn\u00e9es \u00e0 caract\u00e8re personnel, en particulier<br \/>lorsque l\u2019Utilisateur :<br \/>&#8211; Navigue sur le Site\u00a0;<br \/>&#8211; Envoie une demande de devis \u00e0 IDF Ascenseurs par le biais du formulaire de contact<br \/>disponible sur le Site ou par courriel \u00e0 l\u2019adresse indiqu\u00e9e ci-dessus ;<br \/>&#8211; Exerce ses droits tels que pr\u00e9vus par la R\u00e9glementation Applicable\u00a0;<br \/>Ces donn\u00e9es (les \u00ab\u00a0Donn\u00e9es Personnelles\u00a0\u00bb)\u00a0sont :<\/p><p>&#8211; Les donn\u00e9es d\u2019identification (nom, pr\u00e9nom, sexe, date et lieu de naissance, nationalit\u00e9,<br \/>image, coordonn\u00e9es personnelles, type de permis de conduire d\u00e9tenu par le candidat,<br \/>adresse IP)\u00a0;<br \/>&#8211; les donn\u00e9es relatives au recrutement : dates de d\u00e9but et de fin de contrats avec vos<br \/>pr\u00e9c\u00e9dents employeurs, dipl\u00f4mes, validation des acquis, formation, et de mani\u00e8re g\u00e9n\u00e9rale<br \/>toute information li\u00e9e \u00e0 votre curriculum vitae, nature de vos pr\u00e9c\u00e9dentes exp\u00e9riences<br \/>professionnelles et de vos missions, les pr\u00e9tentions salariales ;<br \/>&#8211; Les donn\u00e9es de navigation (au moyen de cookies)\u00a0;<br \/>&#8211; Toute autre donn\u00e9e personnelle que vous communiquerez\u00a0spontan\u00e9ment \u00e0 IDF Ascenseurs.<br \/>Les donn\u00e9es personnelles obligatoires sont signal\u00e9es par un signe \u00ab * \u00bb sur le support de la collecte<br \/>ou par une mention expresse en ce sens. Hormis ces cas, vous \u00eates libre de fournir ou non tout ou<br \/>partie de vos donn\u00e9es personnelles. Toutefois, une telle d\u00e9cision pourrait avoir pour cons\u00e9quence de<br \/>limiter votre acc\u00e8s \u00e0 certains services propos\u00e9s par IDF Ascenseurs, ou autre fonctionnalit\u00e9<br \/>propos\u00e9e par le Site.<br \/>En aucun cas, la responsabilit\u00e9 de IDF Ascenseurs ne pourra \u00eatre recherch\u00e9e en cas de violation de<br \/>la Politique par l\u2019Utilisateur ou un tiers non sous-traitant de IDF Ascenseurs.<\/p><h5><br \/>ARTICLE 3. FINALITES ET BASES LEGALES DU TRAITEMENT<\/h5><p>Les donn\u00e9es \u00e0 caract\u00e8re personnel de l\u2019Utilisateur sont collect\u00e9es pour des finalit\u00e9s d\u00e9termin\u00e9es,<br \/>explicites et l\u00e9gitimes. Selon les cas, les donn\u00e9es \u00e0 caract\u00e8re personnel pourront \u00eatre utilis\u00e9es pour<br \/>les finalit\u00e9s suivantes :<br \/>&#8211; R\u00e9pondre aux demandes d\u2019informations (sur la base du consentement de l\u2019Utilisateur tel que<br \/>manifest\u00e9 par l\u2019envoi de sa demande) ;<br \/>&#8211; G\u00e9rer les candidatures spontan\u00e9es ou les r\u00e9ponses aux annonces d\u2019emploi (sur la base des<br \/>relations pr\u00e9contractuelles avec le candidat et de notre int\u00e9r\u00eat l\u00e9gitime)\u00a0;<br \/>&#8211; Assurer le fonctionnement optimis\u00e9 et l\u2019am\u00e9lioration permanente du Site et de ses<br \/>fonctionnalit\u00e9s (sur la base du consentement de l\u2019Utilisateur ou de l\u2019int\u00e9r\u00eat l\u00e9gitime de IDF<br \/>Ascenseurs \u00e0 garantir le meilleur niveau de fonctionnement et de qualit\u00e9 du Site gr\u00e2ce,<br \/>notamment, aux statistiques d\u2019utilisation du Site) ;<br \/>&#8211; Permettre la d\u00e9tection d\u2019\u00e9ventuelles activit\u00e9s abusives ou frauduleuses (sur la base des<br \/>int\u00e9r\u00eats l\u00e9gitimes de IDF Ascenseurs \u00e0 assurer la s\u00e9curit\u00e9 du Site et de ses activit\u00e9s) ;<br \/>&#8211; Permettre \u00e0 IDF Ascenseurs de respecter ses obligations l\u00e9gales (sur la base du respect de<br \/>ses obligations l\u00e9gales par IDF Ascenseurs ;<br \/>&#8211; R\u00e9aliser des enqu\u00eates de satisfaction, des statistiques, des \u00e9tudes et autres actions<br \/>marketing (sur la base de l\u2019int\u00e9r\u00eats l\u00e9gitime de IDF Ascenseurs \u00e0 promouvoir au mieux ses<br \/>activit\u00e9s ou du consentement de l\u2019Utilisateur si celui-ci est requis par la R\u00e9glementation<br \/>Applicable)<br \/>&#8211; G\u00e9rer et r\u00e9pondre aux demandes d\u2019exercice de ses droits par l\u2019Utilisateur (sur la base du<br \/>respect de ses obligations l\u00e9gales par IDF Ascenseurs) ;<br \/>&#8211; G\u00e9rer des cas de contentieux (sur la base du respect des obligations l\u00e9gales de IDF<br \/>Ascenseurs ou, selon les cas, de son int\u00e9r\u00eat l\u00e9gitime \u00e0 assurer sa d\u00e9fense en justice).<\/p><h5><br \/>ARTICLE 4. DUREE DE CONSERVATION DES DONNEES<\/h5><p>IDF Ascenseurs ne conserve les donn\u00e9es personnelles des Utilisateurs que pour le temps<br \/>n\u00e9cessaire \u00e0 l\u2019accomplissement des finalit\u00e9s poursuivies, sous r\u00e9serve des possibilit\u00e9s l\u00e9gales<br \/>d\u2019archivage et des obligations de conservation de certaines donn\u00e9es (en particulier, en cas de<\/p><p>contentieux ou pr\u00e9contentieux ou pour r\u00e9pondre aux demandes d\u2019autorit\u00e9s habilit\u00e9es), et\/ou<br \/>d\u2019anonymisation des donn\u00e9es personnelles. La dur\u00e9e de conservation des donn\u00e9es peut varier en<br \/>fonction de la finalit\u00e9 poursuivie. IDF Ascenseurs applique en particulier les dur\u00e9es de conservation<br \/>figurant ci-dessous (sans pr\u00e9judice des dur\u00e9es d\u2019archivage et obligations de conservation pr\u00e9cit\u00e9es).<br \/>&#8211; Pour les donn\u00e9es d\u2019identification et de contact li\u00e9es aux demandes d\u2019informations : les<br \/>donn\u00e9es sont conserv\u00e9es tant que l\u2019Utilisateur reste actif, puis archiv\u00e9es pour une dur\u00e9e<br \/>suppl\u00e9mentaire de cinq (5) ans ;<br \/>&#8211; Pour la gestion du recrutement\u00a0: les donn\u00e9es sont conserv\u00e9es en base active pendant la<br \/>dur\u00e9e de la proc\u00e9dure de recrutement jusqu\u2019\u00e0 la proc\u00e9dure d\u2019embauche. Si l\u2019Utilisateur n\u2019est<br \/>pas recrut\u00e9, les donn\u00e9es seront conserv\u00e9es pendant une dur\u00e9e n\u2019exc\u00e9dant pas deux ans afin<br \/>de pouvoir le recontacter en cas de nouvelles opportunit\u00e9s, si l\u2019Utilisateur y a consenti.;<br \/>&#8211; Pour la gestion des demandes d\u2019exercice de droits : les donn\u00e9es sont conserv\u00e9es pour la<br \/>dur\u00e9e n\u00e9cessaire au traitement de la demande puis archiv\u00e9es pour une dur\u00e9e de cinq (5) ans<br \/>\u00e0 compter de l\u2019expiration du d\u00e9lai l\u00e9gal maximum dans lequel IDF Ascenseurs doit r\u00e9pondre<br \/>\u00e0 l\u2019Utilisateur.<br \/>&#8211; Pour les outils de tra\u00e7age ainsi que les donn\u00e9es collect\u00e9es par ce biais : les informations<br \/>stock\u00e9es dans le terminal de l\u2019Utilisateur, ou tout autre \u00e9l\u00e9ment utilis\u00e9 pour l\u2019identifier et<br \/>permettant sa tra\u00e7abilit\u00e9, ainsi que les donn\u00e9es de fr\u00e9quentation brutes associant un<br \/>identifiant, ne seront conserv\u00e9s que pour une dur\u00e9e maximale de treize (13) mois. Au-del\u00e0 de<br \/>ce d\u00e9lai, les donn\u00e9es sont soit supprim\u00e9es, soit anonymis\u00e9es.<\/p><h5><br \/>ARTICLE 5. DESTINATAIRES AYANT ACCES AUX DONNEES<\/h5><p>Les Donn\u00e9es Personnelles des Utilisateurs ne pourront \u00eatre divulgu\u00e9es qu\u2019aux destinataires ou<br \/>cat\u00e9gories de destinataires list\u00e9s ci-dessous dans la mesure o\u00f9 cette transmission est strictement<br \/>n\u00e9cessaire pour accomplir les finalit\u00e9s pr\u00e9vues \u00e0 l\u2019article 3 de la pr\u00e9sente Politique :<br \/>&#8211; Les personnels habilit\u00e9s des services en charge du traitement des devis, des ressources<br \/>humaines, administratifs et informatiques du groupe Balas ;<br \/>&#8211; Notre soci\u00e9t\u00e9 m\u00e8re y compris la soci\u00e9t\u00e9 BALAS PARTICIPATION GESTION (BPG).<br \/>&#8211; Les personnes charg\u00e9es de missions de contr\u00f4le interne et externe ;<br \/>&#8211; Les prestataires d\u2019h\u00e9bergement et de maintenance \/ infog\u00e9rance du Site.<br \/>Nous sommes \u00e9galement susceptibles de communiquer des donn\u00e9es afin de r\u00e9pondre \u00e0 des<br \/>demandes l\u00e9gales ou r\u00e9glementaires, des d\u00e9cisions de justice, assignations ou proc\u00e9dures juridiques,<br \/>si le respect de la r\u00e9glementation en vigueur l\u2019exige, ainsi que dans le cas o\u00f9 IDF Ascenseurs<br \/>transf\u00e9rerait tout ou partie de ses actifs \u00e0 une soci\u00e9t\u00e9 tierce.<\/p><h5><br \/>ARTICLE 6. DROITS DES UTILISATEURS<\/h5><p>Conform\u00e9ment \u00e0 la R\u00e9glementation Applicable et dans les conditions et limites pr\u00e9vues par celle-ci,<br \/>vous disposez de tout ou partie des droits suivants :<br \/>&#8211; Droit d\u2019acc\u00e9der et d\u2019obtenir une copie de vos Donn\u00e9es Personnelles ;<br \/>&#8211; Droit de rectification des Donn\u00e9es Personnelles inexactes ou incompl\u00e8tes ;<br \/>&#8211; Droit \u00e0 l\u2019effacement de vos Donn\u00e9es Personnelles ;<br \/>&#8211; Droit \u00e0 la limitation du traitement de vos Donn\u00e9es Personnelles;<\/p><p>&#8211; Droit d\u2019opposition au traitement de vos Donn\u00e9es Personnelles (uniquement lorsque le<br \/>traitement de celles-ci a pour base l\u00e9gale l\u2019int\u00e9r\u00eat l\u00e9gitime de IDF Ascenseurs et sous<br \/>r\u00e9serve que l\u2019Utilisateur justifie de raisons tenant \u00e0 sa situation particuli\u00e8re)\u00a0;<br \/>&#8211; Droit \u00e0 la portabilit\u00e9 des de vos Donn\u00e9es Personnelles (uniquement lorsque le traitement de<br \/>celles-ci a pour base l\u00e9gale le consentement) ;<br \/>&#8211; Droit de d\u00e9finir le sort des donn\u00e9es de l\u2019Utilisateur apr\u00e8s sa mort et de choisir \u00e0 qui IDF<br \/>Ascenseurs devra communiquer, ou non, vos donn\u00e9es \u00e0 un tiers que vous aurez<br \/>pr\u00e9alablement d\u00e9sign\u00e9.<br \/>Si vous souhaitez exercer un des droits susmentionn\u00e9s, vous pouvez nous contacter par l\u2019un des<br \/>moyens list\u00e9s ci-dessous, en pr\u00e9cisant votre identit\u00e9 et l\u2019objet pr\u00e9cis de votre demande (une pi\u00e8ce<br \/>d\u2019identit\u00e9 pourra \u00eatre demand\u00e9e).<br \/>Pour toute question relative \u00e0 l\u2019utilisation de vos donn\u00e9es et sur vos droits, vous pouvez joindre IDF<br \/>Ascenseurs par l\u2019un des moyens suivants :<br \/>&#8211; par courriel, adress\u00e9 \u00e0 l\u2019adresse : conformite.rgpd@balas.net<br \/>&#8211; par courrier postal, \u00e0 l\u2019adresse\u00a0: IDF Ascenseurs, 19 boulevard Louise Michel, 92238<br \/>Gennevilliers Cedex.<br \/>IDF Ascenseurs s\u2019engage \u00e0 vous r\u00e9pondre dans les meilleurs d\u00e9lais, et en tout \u00e9tat de cause, dans<br \/>un d\u00e9lai d&amp;#39;un (1) mois \u00e0 compter de la r\u00e9ception de votre demande.<br \/>Au besoin, ce d\u00e9lai pourra \u00eatre prolong\u00e9 de (2) deux mois, compte tenu de la complexit\u00e9 et du nombre<br \/>de demandes qui nous sont adress\u00e9es. Dans ce cas, vous serez inform\u00e9 de cette prolongation et des<br \/>motifs du report.<br \/>Dans le cas o\u00f9 nous ne serions pas en mesure de faire suite \u00e0 votre demande, nous vous informerons<br \/>des raisons et vous disposerez de la possibilit\u00e9 d&amp;#39;introduire une r\u00e9clamation aupr\u00e8s d\u2019une autorit\u00e9 de<br \/>contr\u00f4le et\/ou de former un recours juridictionnel.<br \/>En particulier, si apr\u00e8s avoir contact\u00e9 IDF Ascenseurs et malgr\u00e9 les efforts de cette derni\u00e8re,<br \/>l\u2019Utilisateur estime malgr\u00e9 tout que ses droits ne sont pas respect\u00e9s, il peut d\u00e9poser une r\u00e9clamation<br \/>aupr\u00e8s de l\u2019autorit\u00e9 de contr\u00f4le comp\u00e9tente. En France, il s\u2019agit de la Commission Nationale<br \/>Informatique et Libert\u00e9s (la \u00ab CNIL \u00bb) : https:\/\/www.cnil.fr\/fr\/plaintes.<\/p><\/div><\/div><\/div>\t\t\t\t\t\t\t\t<\/div>\n\t\t\t\t<\/div>\n\t\t\t\t<\/div>\n\t\t\t\t\t<\/div>\n\t\t\t\t<\/div>\n\t\t\t\t<\/div>\n\t\t\n    <div class=\"xs_social_share_widget xs_share_url after_content \t\tmain_content  wslu-style-1 wslu-share-box-shaped wslu-fill-colored wslu-none wslu-share-horizontal wslu-theme-font-no wslu-main_content\">\n\n\t\t\n        <ul>\n\t\t\t        <\/ul>\n    <\/div> \n","protected":false},"excerpt":{"rendered":"<p>Politique de confidentialit\u00e9 Politique de confidentialit\u00e9 | IDF IDF Ascenseurs s\u2019engage \u00e0 respecter votre vie priv\u00e9e et \u00e0 prot\u00e9ger les informations que vous nouscommuniquez.Le site internet https:\/\/idfascenseurs.com est mis \u00e0 disposition par IDF Ascenseurs pour fournir desinformations sur le domaine d\u2019expertise de IDF Ascenseurs.La pr\u00e9sente politique de protection des donn\u00e9es personnelles a pour objet de [&hellip;]<\/p>\n","protected":false},"author":3,"featured_media":0,"parent":0,"menu_order":0,"comment_status":"closed","ping_status":"closed","template":"","meta":{"_seopress_robots_primary_cat":"","_seopress_titles_title":"Politique de confidentialit\u00e9 - IDF Ascenseurs, \u00cele-de-France","_seopress_titles_desc":"D\u00e9couvrez la politique de confidentialit\u00e9 d\u2019IDF Ascenseurs. Informations sur la collecte, l\u2019utilisation et la protection de vos donn\u00e9es personnelles.","_seopress_robots_index":"","footnotes":""},"class_list":["post-146","page","type-page","status-publish"],"_links":{"self":[{"href":"https:\/\/www.idfascenseurs.com\/index.php\/wp-json\/wp\/v2\/pages\/146","targetHints":{"allow":["GET"]}}],"collection":[{"href":"https:\/\/www.idfascenseurs.com\/index.php\/wp-json\/wp\/v2\/pages"}],"about":[{"href":"https:\/\/www.idfascenseurs.com\/index.php\/wp-json\/wp\/v2\/types\/page"}],"author":[{"embeddable":true,"href":"https:\/\/www.idfascenseurs.com\/index.php\/wp-json\/wp\/v2\/users\/3"}],"replies":[{"embeddable":true,"href":"https:\/\/www.idfascenseurs.com\/index.php\/wp-json\/wp\/v2\/comments?post=146"}],"version-history":[{"count":27,"href":"https:\/\/www.idfascenseurs.com\/index.php\/wp-json\/wp\/v2\/pages\/146\/revisions"}],"predecessor-version":[{"id":4266,"href":"https:\/\/www.idfascenseurs.com\/index.php\/wp-json\/wp\/v2\/pages\/146\/revisions\/4266"}],"wp:attachment":[{"href":"https:\/\/www.idfascenseurs.com\/index.php\/wp-json\/wp\/v2\/media?parent=146"}],"curies":[{"name":"wp","href":"https:\/\/api.w.org\/{rel}","templated":true}]}}